{"id":1677,"date":"2023-07-27T16:26:38","date_gmt":"2023-07-27T16:26:38","guid":{"rendered":"https:\/\/tecniagro.com\/sustainable-forest-management-fsc\/"},"modified":"2023-11-08T14:29:12","modified_gmt":"2023-11-08T14:29:12","slug":"sustainable-forest-management-fsc","status":"publish","type":"page","link":"https:\/\/tecniagro.com\/en\/sustainable-forest-management-fsc\/","title":{"rendered":"Sustainable forest management FSC"},"content":{"rendered":"<h1><span>Sustainable forest management FSC<\/span><\/h1>\n<p>[minus]<\/p>\n<ul>\n<li>\n<h3>CABA\u00d1EROS<\/h3>\n<div>\n<ul>\n<li><a href=\"\/wp-content\/uploads\/2023\/07\/1.-Manual-de-Gestion-Cabaneros.pdf\">MANAGEMENT MANUAL<\/a><\/li>\n<li><a href=\"\/wp-content\/uploads\/2023\/07\/2.-Manual-de-Buenas-Practicas-Ambientales_CABANEROS.pdf\">GOOD ENVIRONMENTAL PRACTICES MANUAL<\/a><\/li>\n<li><a href=\"https:\/\/tecniagro.com\/wp-content\/uploads\/2023\/07\/3.-MEMORIA-DE-SOSTENIBILIDAD-CABANEROS.pdf\">SUSTAINABILITY REPORT<\/a><\/li>\n<li><a href=\"https:\/\/tecniagro.com\/wp-content\/uploads\/2023\/07\/4.-Compromiso-Politica-GFS-CABANEROS.pdf\">POLICY COMMITMENT<\/a><\/li>\n<li><a href=\"https:\/\/tecniagro.com\/wp-content\/uploads\/2023\/07\/5.-Difusion-y-eplicacion-de-la-Politica-de-Gestion-en-Cabaneros.pdf\">DISSEMINATION AND EXPLANATION OF THE MANAGEMENT POLICY<\/a><\/li>\n<li><a href=\"https:\/\/tecniagro.com\/wp-content\/uploads\/2023\/07\/6.-Procedimiento-de-consulta-y-comunicacion-Cabaneros.pdf\">CONSULTATION PROCEDURE<\/a><\/li>\n<li><a href=\"https:\/\/tecniagro.com\/wp-content\/uploads\/2023\/07\/7.-INFORME-AVC-CABANEROS.pdf\">HIGH CONSERVATION VALUE REPORT<\/a><\/li>\n<li><a href=\"https:\/\/es.fsc.org\/es-es\/gestion-forestal-responsable\/desarrollo-de-estandares-nacionales\">CURRENT STANDARDS FOR SUSTAINABLE FOREST MANAGEMENT FSC<\/a><\/li>\n<\/ul>\n<\/div>\n<\/li>\n<li>\n<h3>CIGUI\u00d1UELAS<\/h3>\n<div>\n<ul>\n<li><a href=\"https:\/\/tecniagro.com\/wp-content\/uploads\/2023\/08\/1-Manual-de-Gestion-Ciguinuelas.pdf\">MANAGEMENT MANUAL<\/a><\/li>\n<li><a href=\"https:\/\/tecniagro.com\/wp-content\/uploads\/2023\/08\/2-Manual-de-Buenas-Practicas-Ambientales_Ciguinuelas.pdf\">GOOD ENVIRONMENTAL PRACTICES MANUAL<\/a><\/li>\n<li><a href=\"\/wp-content\/uploads\/2023\/08\/3-MEMORIA-DE-SOSTENIBILIDAD-CIGUINUELAS.pdf\">SUSTAINABILITY REPORT<\/a><\/li>\n<li><a href=\"https:\/\/tecniagro.com\/wp-content\/uploads\/2023\/08\/4-Compromiso-Politica-GFS-CIGUINUELAS.pdf\">POLICY COMMITMENT<\/a><\/li>\n<li><a href=\"\/wp-content\/uploads\/2023\/08\/5-Difusion-y-eplicacion-de-la-Politica-de-Gestion-en-Ciguinuelas.pdf\">DISSEMINATION AND EXPLANATION OF THE MANAGEMENT POLICY<\/a><\/li>\n<li><a href=\"\/wp-content\/uploads\/2023\/08\/6-Procedimiento-de-consulta-y-comunicacion-Ciguinuelas.pdf\">CONSULTATION PROCEDURE<\/a><\/li>\n<li><a href=\"\/wp-content\/uploads\/2023\/08\/7-INFORME-AVC-CIGUINUELAS.pdf\">HIGH CONSERVATION VALUE REPORT<\/a><\/li>\n<li><a href=\"https:\/\/es.fsc.org\/es-es\/gestion-forestal-responsable\/desarrollo-de-estandares-nacionales\">CURRENT STANDARDS FOR SUSTAINABLE FOREST MANAGEMENT FSC<\/a><\/li>\n<\/ul>\n<\/div>\n<\/li>\n<li>\n<h3>SAN ANTON DEL ESPINO<\/h3>\n<div>\n<ul>\n<li><a href=\"\/wp-content\/uploads\/2023\/08\/1-Manual-de-Gestion-San-Anton-del-Espino.pdf\">MANAGEMENT MANUAL<\/a><\/li>\n<li><a href=\"\/wp-content\/uploads\/2023\/08\/2-Manual-de-Buenas-Practicas-Ambientales_San-Anton-del-Espino.pdf\">GOOD ENVIRONMENTAL PRACTICES MANUAL<\/a><\/li>\n<li><a href=\"\/wp-content\/uploads\/2023\/08\/3-MEMORIA-DE-SOSTENIBILIDAD-SAN-ANTON-DEL-ESPINO.pdf\">SUSTAINABILITY REPORT<\/a><\/li>\n<li><a href=\"\/wp-content\/uploads\/2023\/08\/4-Compromiso-Politica-GFS-SAN-ANTON-DEL-ESPINO.pdf\">POLICY COMMITMENT<\/a><\/li>\n<li><a href=\"\/wp-content\/uploads\/2023\/08\/5-Difusion-y-eplicacion-de-la-Politica-de-Gestion-en-San-Anton-del-Espino.pdf\">DISSEMINATION AND EXPLANATION OF THE MANAGEMENT POLICY<\/a><\/li>\n<li><a href=\"\/wp-content\/uploads\/2023\/08\/6-Procedimiento-de-consulta-y-comunicacion-San-Anton-del-Espino.pdf\">CONSULTATION PROCEDURE<\/a><\/li>\n<li><a href=\"\/wp-content\/uploads\/2023\/08\/7-INFORME-AVC-SAN-ANTON-DEL-ESPINO.pdf\">HIGH CONSERVATION VALUE REPORT<\/a><\/li>\n<li><a href=\"https:\/\/es.fsc.org\/es-es\/gestion-forestal-responsable\/desarrollo-de-estandares-nacionales\">CURRENT STANDARDS FOR SUSTAINABLE FOREST MANAGEMENT FSC<\/a><\/li>\n<\/ul>\n<\/div>\n<\/li>\n<\/ul>\n<p><img decoding=\"async\" src=\"\/wp-content\/uploads\/2023\/08\/FSC.jpg\" alt=\"\"><\/p>\n<p><!--more--><br \/>\n<!-- {\"type\":\"layout\",\"children\":[{\"type\":\"section\",\"props\":{\"image_position\":\"center-center\",\"style\":\"default\",\"title_breakpoint\":\"xl\",\"title_position\":\"top-left\",\"title_rotation\":\"left\",\"vertical_align\":\"middle\",\"width\":\"default\"},\"children\":[{\"type\":\"row\",\"children\":[{\"type\":\"column\",\"props\":{\"image_position\":\"center-center\",\"position_sticky_breakpoint\":\"m\"},\"children\":[{\"type\":\"headline\",\"props\":{\"content\":\"<span>Sustainable forest management FSC<\\\/span>\",\"text_align\":\"center\",\"title_element\":\"h1\"}},{\"type\":\"icon\",\"props\":{\"icon\":\"minus\",\"icon_color\":\"secondary\",\"icon_width\":60,\"margin\":\"default\",\"text_align\":\"center\"}}]}]},{\"type\":\"row\",\"props\":{\"layout\":\"2-3,1-3\"},\"children\":[{\"type\":\"column\",\"props\":{\"image_position\":\"center-center\",\"position_sticky_breakpoint\":\"m\",\"width_medium\":\"2-3\"},\"children\":[{\"type\":\"switcher\",\"props\":{\"content_column_breakpoint\":\"m\",\"image_align\":\"top\",\"image_grid_breakpoint\":\"m\",\"image_grid_width\":\"1-2\",\"image_svg_color\":\"emphasis\",\"link_style\":\"default\",\"link_text\":\"Read more\",\"margin\":\"default\",\"meta_align\":\"below-title\",\"meta_element\":\"div\",\"meta_style\":\"text-meta\",\"nav\":\"tab\",\"nav_align\":\"left\",\"nav_grid_breakpoint\":\"m\",\"nav_grid_width\":\"auto\",\"nav_position\":\"top\",\"show_content\":true,\"show_image\":true,\"show_label\":true,\"show_link\":true,\"show_meta\":true,\"show_thumbnail\":true,\"show_title\":true,\"switcher_animation\":\"fade\",\"switcher_height\":true,\"thumbnav_height\":\"75\",\"thumbnav_svg_color\":\"emphasis\",\"thumbnav_width\":\"100\",\"title_align\":\"top\",\"title_element\":\"h3\",\"title_grid_breakpoint\":\"m\",\"title_grid_width\":\"1-2\"},\"children\":[{\"type\":\"switcher_item\",\"props\":{\"content\":\"\n\n<ul>\\n\n\n<li><a href=\\\"\\\/wp-content\\\/uploads\\\/2023\\\/07\\\/1.-Manual-de-Gestion-Cabaneros.pdf\\\">MANAGEMENT MANUAL<\\\/a><\\\/li>\\n\n\n<li><a href=\\\"\\\/wp-content\\\/uploads\\\/2023\\\/07\\\/2.-Manual-de-Buenas-Practicas-Ambientales_CABANEROS.pdf\\\">GOOD ENVIRONMENTAL PRACTICES MANUAL<\\\/a><\\\/li>\\n\n\n<li><a href=\\\"https:\\\/\\\/tecniagro.com\\\/wp-content\\\/uploads\\\/2023\\\/07\\\/3.-MEMORIA-DE-SOSTENIBILIDAD-CABANEROS.pdf\\\">SUSTAINABILITY REPORT<\\\/a><\\\/li>\\n\n\n<li><a href=\\\"https:\\\/\\\/tecniagro.com\\\/wp-content\\\/uploads\\\/2023\\\/07\\\/4.-Compromiso-Politica-GFS-CABANEROS.pdf\\\">POLICY COMMITMENT<\\\/a><\\\/li>\\n\n\n<li><a href=\\\"https:\\\/\\\/tecniagro.com\\\/wp-content\\\/uploads\\\/2023\\\/07\\\/5.-Difusion-y-eplicacion-de-la-Politica-de-Gestion-en-Cabaneros.pdf\\\">DISSEMINATION AND EXPLANATION OF THE MANAGEMENT POLICY<\\\/a><\\\/li>\\n\n\n<li><a href=\\\"https:\\\/\\\/tecniagro.com\\\/wp-content\\\/uploads\\\/2023\\\/07\\\/6.-Procedimiento-de-consulta-y-comunicacion-Cabaneros.pdf\\\">CONSULTATION PROCEDURE<\\\/a><\\\/li>\\n\n\n<li><a href=\\\"https:\\\/\\\/tecniagro.com\\\/wp-content\\\/uploads\\\/2023\\\/07\\\/7.-INFORME-AVC-CABANEROS.pdf\\\">HIGH CONSERVATION VALUE REPORT<\\\/a><\\\/li>\\n\n\n<li><a href=\\\"https:\\\/\\\/es.fsc.org\\\/es-es\\\/gestion-forestal-responsable\\\/desarrollo-de-estandares-nacionales\\\">CURRENT STANDARDS FOR SUSTAINABLE FOREST MANAGEMENT FSC<\\\/a><\\\/li>\\n<\\\/ul>\",\"title\":\"CABA\\u00d1EROS\"}},{\"type\":\"switcher_item\",\"props\":{\"content\":\"\n\n<p><\\\/p>\\n\n\n<ul>\\n\n\n<li><a href=\\\"https:\\\/\\\/tecniagro.com\\\/wp-content\\\/uploads\\\/2023\\\/08\\\/1-Manual-de-Gestion-Ciguinuelas.pdf\\\">MANAGEMENT MANUAL<\\\/a><\\\/li>\\n\n\n<li><a href=\\\"https:\\\/\\\/tecniagro.com\\\/wp-content\\\/uploads\\\/2023\\\/08\\\/2-Manual-de-Buenas-Practicas-Ambientales_Ciguinuelas.pdf\\\">GOOD ENVIRONMENTAL PRACTICES MANUAL<\\\/a><\\\/li>\\n\n\n<li><a href=\\\"\\\/wp-content\\\/uploads\\\/2023\\\/08\\\/3-MEMORIA-DE-SOSTENIBILIDAD-CIGUINUELAS.pdf\\\">SUSTAINABILITY REPORT<\\\/a><\\\/li>\\n\n\n<li><a href=\\\"https:\\\/\\\/tecniagro.com\\\/wp-content\\\/uploads\\\/2023\\\/08\\\/4-Compromiso-Politica-GFS-CIGUINUELAS.pdf\\\">POLICY COMMITMENT<\\\/a><\\\/li>\\n\n\n<li><a href=\\\"\\\/wp-content\\\/uploads\\\/2023\\\/08\\\/5-Difusion-y-eplicacion-de-la-Politica-de-Gestion-en-Ciguinuelas.pdf\\\">DISSEMINATION AND EXPLANATION OF THE MANAGEMENT POLICY<\\\/a><\\\/li>\\n\n\n<li><a href=\\\"\\\/wp-content\\\/uploads\\\/2023\\\/08\\\/6-Procedimiento-de-consulta-y-comunicacion-Ciguinuelas.pdf\\\">CONSULTATION PROCEDURE<\\\/a><\\\/li>\\n\n\n<li><a href=\\\"\\\/wp-content\\\/uploads\\\/2023\\\/08\\\/7-INFORME-AVC-CIGUINUELAS.pdf\\\">HIGH CONSERVATION VALUE REPORT<\\\/a><\\\/li>\\n\n\n<li><a href=\\\"https:\\\/\\\/es.fsc.org\\\/es-es\\\/gestion-forestal-responsable\\\/desarrollo-de-estandares-nacionales\\\">CURRENT STANDARDS FOR SUSTAINABLE FOREST MANAGEMENT FSC<\\\/a><\\\/li>\\n<\\\/ul>\",\"title\":\"CIGUI\\u00d1UELAS\"}},{\"type\":\"switcher_item\",\"props\":{\"content\":\"\n\n<p><\\\/p>\\n\n\n<ul>\\n\n\n<li><a href=\\\"\\\/wp-content\\\/uploads\\\/2023\\\/08\\\/1-Manual-de-Gestion-San-Anton-del-Espino.pdf\\\">MANAGEMENT MANUAL<\\\/a><\\\/li>\\n\n\n<li><a href=\\\"\\\/wp-content\\\/uploads\\\/2023\\\/08\\\/2-Manual-de-Buenas-Practicas-Ambientales_San-Anton-del-Espino.pdf\\\">GOOD ENVIRONMENTAL PRACTICES MANUAL<\\\/a><\\\/li>\\n\n\n<li><a href=\\\"\\\/wp-content\\\/uploads\\\/2023\\\/08\\\/3-MEMORIA-DE-SOSTENIBILIDAD-SAN-ANTON-DEL-ESPINO.pdf\\\">SUSTAINABILITY REPORT<\\\/a><\\\/li>\\n\n\n<li><a href=\\\"\\\/wp-content\\\/uploads\\\/2023\\\/08\\\/4-Compromiso-Politica-GFS-SAN-ANTON-DEL-ESPINO.pdf\\\">POLICY COMMITMENT<\\\/a><\\\/li>\\n\n\n<li><a href=\\\"\\\/wp-content\\\/uploads\\\/2023\\\/08\\\/5-Difusion-y-eplicacion-de-la-Politica-de-Gestion-en-San-Anton-del-Espino.pdf\\\">DISSEMINATION AND EXPLANATION OF THE MANAGEMENT POLICY<\\\/a><\\\/li>\\n\n\n<li><a href=\\\"\\\/wp-content\\\/uploads\\\/2023\\\/08\\\/6-Procedimiento-de-consulta-y-comunicacion-San-Anton-del-Espino.pdf\\\">CONSULTATION PROCEDURE<\\\/a><\\\/li>\\n\n\n<li><a href=\\\"\\\/wp-content\\\/uploads\\\/2023\\\/08\\\/7-INFORME-AVC-SAN-ANTON-DEL-ESPINO.pdf\\\">HIGH CONSERVATION VALUE REPORT<\\\/a><\\\/li>\\n\n\n<li><a href=\\\"https:\\\/\\\/es.fsc.org\\\/es-es\\\/gestion-forestal-responsable\\\/desarrollo-de-estandares-nacionales\\\">CURRENT STANDARDS FOR SUSTAINABLE FOREST MANAGEMENT FSC<\\\/a><\\\/li>\\n<\\\/ul>\",\"title\":\"SAN ANTON DEL ESPINO\"}}]}]},{\"type\":\"column\",\"props\":{\"image_position\":\"center-center\",\"position_sticky_breakpoint\":\"m\",\"vertical_align\":\"bottom\",\"width_medium\":\"1-3\"},\"children\":[{\"type\":\"image\",\"props\":{\"image\":\"wp-content\\\/uploads\\\/2023\\\/08\\\/FSC.jpg\",\"image_height\":\"250\",\"image_svg_color\":\"emphasis\",\"image_width\":\"250\",\"margin\":\"default\",\"text_align\":\"center\"}}]}]}]}],\"version\":\"4.2.2\"} --><\/p>\n","protected":false},"excerpt":{"rendered":"<p>Sustainable forest management FSC [minus] CABA\u00d1EROS MANAGEMENT MANUAL GOOD ENVIRONMENTAL PRACTICES MANUAL SUSTAINABILITY REPORT POLICY COMMITMENT DISSEMINATION AND EXPLANATION OF THE MANAGEMENT POLICY CONSULTATION PROCEDURE HIGH CONSERVATION VALUE REPORT CURRENT STANDARDS FOR SUSTAINABLE FOREST MANAGEMENT FSC CIGUI\u00d1UELAS MANAGEMENT MANUAL GOOD ENVIRONMENTAL PRACTICES MANUAL SUSTAINABILITY REPORT POLICY COMMITMENT DISSEMINATION AND EXPLANATION OF THE MANAGEMENT POLICY CONSULTATION [&hellip;]<\/p>\n","protected":false},"author":1,"featured_media":0,"parent":0,"menu_order":0,"comment_status":"closed","ping_status":"closed","template":"","meta":{"footnotes":""},"class_list":["post-1677","page","type-page","status-publish","hentry"],"yoast_head":"<!-- This site is optimized with the Yoast SEO plugin v27.3 - https:\/\/yoast.com\/product\/yoast-seo-wordpress\/ -->\n<title>Sustainable forest management FSC - Tecniagro<\/title>\n<meta name=\"robots\" content=\"index, follow, max-snippet:-1, max-image-preview:large, max-video-preview:-1\" \/>\n<link rel=\"canonical\" href=\"https:\/\/tecniagro.com\/en\/sustainable-forest-management-fsc\/\" \/>\n<meta property=\"og:locale\" content=\"en_US\" \/>\n<meta property=\"og:type\" content=\"article\" \/>\n<meta property=\"og:title\" content=\"Sustainable forest management FSC - Tecniagro\" \/>\n<meta property=\"og:description\" content=\"Sustainable forest management FSC [minus] CABA\u00d1EROS MANAGEMENT MANUAL GOOD ENVIRONMENTAL PRACTICES MANUAL SUSTAINABILITY REPORT POLICY COMMITMENT DISSEMINATION AND EXPLANATION OF THE MANAGEMENT POLICY CONSULTATION PROCEDURE HIGH CONSERVATION VALUE REPORT CURRENT STANDARDS FOR SUSTAINABLE FOREST MANAGEMENT FSC CIGUI\u00d1UELAS MANAGEMENT MANUAL GOOD ENVIRONMENTAL PRACTICES MANUAL SUSTAINABILITY REPORT POLICY COMMITMENT DISSEMINATION AND EXPLANATION OF THE MANAGEMENT POLICY CONSULTATION [&hellip;]\" \/>\n<meta property=\"og:url\" content=\"https:\/\/tecniagro.com\/en\/sustainable-forest-management-fsc\/\" \/>\n<meta property=\"og:site_name\" content=\"Tecniagro\" \/>\n<meta property=\"article:modified_time\" content=\"2023-11-08T14:29:12+00:00\" \/>\n<meta name=\"twitter:card\" content=\"summary_large_image\" \/>\n<meta name=\"twitter:label1\" content=\"Est. reading time\" \/>\n\t<meta name=\"twitter:data1\" content=\"1 minute\" \/>\n<script type=\"application\/ld+json\" class=\"yoast-schema-graph\">{\"@context\":\"https:\\\/\\\/schema.org\",\"@graph\":[{\"@type\":\"WebPage\",\"@id\":\"https:\\\/\\\/tecniagro.com\\\/en\\\/sustainable-forest-management-fsc\\\/\",\"url\":\"https:\\\/\\\/tecniagro.com\\\/en\\\/sustainable-forest-management-fsc\\\/\",\"name\":\"Sustainable forest management FSC - Tecniagro\",\"isPartOf\":{\"@id\":\"https:\\\/\\\/tecniagro.com\\\/#website\"},\"datePublished\":\"2023-07-27T16:26:38+00:00\",\"dateModified\":\"2023-11-08T14:29:12+00:00\",\"breadcrumb\":{\"@id\":\"https:\\\/\\\/tecniagro.com\\\/en\\\/sustainable-forest-management-fsc\\\/#breadcrumb\"},\"inLanguage\":\"en-US\",\"potentialAction\":[{\"@type\":\"ReadAction\",\"target\":[\"https:\\\/\\\/tecniagro.com\\\/en\\\/sustainable-forest-management-fsc\\\/\"]}]},{\"@type\":\"BreadcrumbList\",\"@id\":\"https:\\\/\\\/tecniagro.com\\\/en\\\/sustainable-forest-management-fsc\\\/#breadcrumb\",\"itemListElement\":[{\"@type\":\"ListItem\",\"position\":1,\"name\":\"Portada\",\"item\":\"https:\\\/\\\/tecniagro.com\\\/en\\\/\"},{\"@type\":\"ListItem\",\"position\":2,\"name\":\"Sustainable forest management FSC\"}]},{\"@type\":\"WebSite\",\"@id\":\"https:\\\/\\\/tecniagro.com\\\/#website\",\"url\":\"https:\\\/\\\/tecniagro.com\\\/\",\"name\":\"Tecniagro\",\"description\":\"Gesti\u00f3n de fincas r\u00fasticas, ingenieros de montes, reforestaci\u00f3n, cerramientos cyclone\",\"publisher\":{\"@id\":\"https:\\\/\\\/tecniagro.com\\\/#organization\"},\"potentialAction\":[{\"@type\":\"SearchAction\",\"target\":{\"@type\":\"EntryPoint\",\"urlTemplate\":\"https:\\\/\\\/tecniagro.com\\\/?s={search_term_string}\"},\"query-input\":{\"@type\":\"PropertyValueSpecification\",\"valueRequired\":true,\"valueName\":\"search_term_string\"}}],\"inLanguage\":\"en-US\"},{\"@type\":\"Organization\",\"@id\":\"https:\\\/\\\/tecniagro.com\\\/#organization\",\"name\":\"Tecniagro\",\"url\":\"https:\\\/\\\/tecniagro.com\\\/\",\"logo\":{\"@type\":\"ImageObject\",\"inLanguage\":\"en-US\",\"@id\":\"https:\\\/\\\/tecniagro.com\\\/#\\\/schema\\\/logo\\\/image\\\/\",\"url\":\"https:\\\/\\\/tecniagro.com\\\/wp-content\\\/uploads\\\/2023\\\/10\\\/Recurso-3Tecniagro_paisajismook-e1686739098667.png\",\"contentUrl\":\"https:\\\/\\\/tecniagro.com\\\/wp-content\\\/uploads\\\/2023\\\/10\\\/Recurso-3Tecniagro_paisajismook-e1686739098667.png\",\"width\":3247,\"height\":1451,\"caption\":\"Tecniagro\"},\"image\":{\"@id\":\"https:\\\/\\\/tecniagro.com\\\/#\\\/schema\\\/logo\\\/image\\\/\"},\"sameAs\":[\"https:\\\/\\\/www.linkedin.com\\\/company\\\/tecniagro-siglo-xxi-s-l-\\\/about\\\/\"]}]}<\/script>\n<!-- \/ Yoast SEO plugin. -->","yoast_head_json":{"title":"Sustainable forest management FSC - Tecniagro","robots":{"index":"index","follow":"follow","max-snippet":"max-snippet:-1","max-image-preview":"max-image-preview:large","max-video-preview":"max-video-preview:-1"},"canonical":"https:\/\/tecniagro.com\/en\/sustainable-forest-management-fsc\/","og_locale":"en_US","og_type":"article","og_title":"Sustainable forest management FSC - Tecniagro","og_description":"Sustainable forest management FSC [minus] CABA\u00d1EROS MANAGEMENT MANUAL GOOD ENVIRONMENTAL PRACTICES MANUAL SUSTAINABILITY REPORT POLICY COMMITMENT DISSEMINATION AND EXPLANATION OF THE MANAGEMENT POLICY CONSULTATION PROCEDURE HIGH CONSERVATION VALUE REPORT CURRENT STANDARDS FOR SUSTAINABLE FOREST MANAGEMENT FSC CIGUI\u00d1UELAS MANAGEMENT MANUAL GOOD ENVIRONMENTAL PRACTICES MANUAL SUSTAINABILITY REPORT POLICY COMMITMENT DISSEMINATION AND EXPLANATION OF THE MANAGEMENT POLICY CONSULTATION [&hellip;]","og_url":"https:\/\/tecniagro.com\/en\/sustainable-forest-management-fsc\/","og_site_name":"Tecniagro","article_modified_time":"2023-11-08T14:29:12+00:00","twitter_card":"summary_large_image","twitter_misc":{"Est. reading time":"1 minute"},"schema":{"@context":"https:\/\/schema.org","@graph":[{"@type":"WebPage","@id":"https:\/\/tecniagro.com\/en\/sustainable-forest-management-fsc\/","url":"https:\/\/tecniagro.com\/en\/sustainable-forest-management-fsc\/","name":"Sustainable forest management FSC - Tecniagro","isPartOf":{"@id":"https:\/\/tecniagro.com\/#website"},"datePublished":"2023-07-27T16:26:38+00:00","dateModified":"2023-11-08T14:29:12+00:00","breadcrumb":{"@id":"https:\/\/tecniagro.com\/en\/sustainable-forest-management-fsc\/#breadcrumb"},"inLanguage":"en-US","potentialAction":[{"@type":"ReadAction","target":["https:\/\/tecniagro.com\/en\/sustainable-forest-management-fsc\/"]}]},{"@type":"BreadcrumbList","@id":"https:\/\/tecniagro.com\/en\/sustainable-forest-management-fsc\/#breadcrumb","itemListElement":[{"@type":"ListItem","position":1,"name":"Portada","item":"https:\/\/tecniagro.com\/en\/"},{"@type":"ListItem","position":2,"name":"Sustainable forest management FSC"}]},{"@type":"WebSite","@id":"https:\/\/tecniagro.com\/#website","url":"https:\/\/tecniagro.com\/","name":"Tecniagro","description":"Gesti\u00f3n de fincas r\u00fasticas, ingenieros de montes, reforestaci\u00f3n, cerramientos cyclone","publisher":{"@id":"https:\/\/tecniagro.com\/#organization"},"potentialAction":[{"@type":"SearchAction","target":{"@type":"EntryPoint","urlTemplate":"https:\/\/tecniagro.com\/?s={search_term_string}"},"query-input":{"@type":"PropertyValueSpecification","valueRequired":true,"valueName":"search_term_string"}}],"inLanguage":"en-US"},{"@type":"Organization","@id":"https:\/\/tecniagro.com\/#organization","name":"Tecniagro","url":"https:\/\/tecniagro.com\/","logo":{"@type":"ImageObject","inLanguage":"en-US","@id":"https:\/\/tecniagro.com\/#\/schema\/logo\/image\/","url":"https:\/\/tecniagro.com\/wp-content\/uploads\/2023\/10\/Recurso-3Tecniagro_paisajismook-e1686739098667.png","contentUrl":"https:\/\/tecniagro.com\/wp-content\/uploads\/2023\/10\/Recurso-3Tecniagro_paisajismook-e1686739098667.png","width":3247,"height":1451,"caption":"Tecniagro"},"image":{"@id":"https:\/\/tecniagro.com\/#\/schema\/logo\/image\/"},"sameAs":["https:\/\/www.linkedin.com\/company\/tecniagro-siglo-xxi-s-l-\/about\/"]}]}},"_links":{"self":[{"href":"https:\/\/tecniagro.com\/en\/wp-json\/wp\/v2\/pages\/1677","targetHints":{"allow":["GET"]}}],"collection":[{"href":"https:\/\/tecniagro.com\/en\/wp-json\/wp\/v2\/pages"}],"about":[{"href":"https:\/\/tecniagro.com\/en\/wp-json\/wp\/v2\/types\/page"}],"author":[{"embeddable":true,"href":"https:\/\/tecniagro.com\/en\/wp-json\/wp\/v2\/users\/1"}],"replies":[{"embeddable":true,"href":"https:\/\/tecniagro.com\/en\/wp-json\/wp\/v2\/comments?post=1677"}],"version-history":[{"count":6,"href":"https:\/\/tecniagro.com\/en\/wp-json\/wp\/v2\/pages\/1677\/revisions"}],"predecessor-version":[{"id":1839,"href":"https:\/\/tecniagro.com\/en\/wp-json\/wp\/v2\/pages\/1677\/revisions\/1839"}],"wp:attachment":[{"href":"https:\/\/tecniagro.com\/en\/wp-json\/wp\/v2\/media?parent=1677"}],"curies":[{"name":"wp","href":"https:\/\/api.w.org\/{rel}","templated":true}]}}